{"id":8,"date":"2019-06-19T05:40:26","date_gmt":"2019-06-19T05:40:26","guid":{"rendered":"http:\/\/www.suomeneristysyhdistys.fi\/fi\/?page_id=8"},"modified":"2020-04-01T09:37:47","modified_gmt":"2020-04-01T09:37:47","slug":"eristysala-lyhyesti","status":"publish","type":"page","link":"https:\/\/www.suomeneristysyhdistys.fi\/fi\/eristysala-lyhyesti\/","title":{"rendered":"Eristysala lyhyesti"},"content":{"rendered":"\t\t<div data-elementor-type=\"wp-post\" data-elementor-id=\"8\" class=\"elementor elementor-8\">\n\t\t\t\t\t\t<section class=\"elementor-section elementor-top-section elementor-element elementor-element-5cd98428 elementor-section-boxed elementor-section-height-default elementor-section-height-default\" data-id=\"5cd98428\" data-element_type=\"section\" data-e-type=\"section\">\n\t\t\t\t\t\t<div class=\"elementor-container elementor-column-gap-default\">\n\t\t\t\t\t<div class=\"elementor-column elementor-col-100 elementor-top-column elementor-element elementor-element-36a28ae3\" data-id=\"36a28ae3\" data-element_type=\"column\" data-e-type=\"column\">\n\t\t\t<div class=\"elementor-widget-wrap elementor-element-populated\">\n\t\t\t\t\t\t<div class=\"elementor-element elementor-element-eb1b222 elementor-widget elementor-widget-heading\" data-id=\"eb1b222\" data-element_type=\"widget\" data-e-type=\"widget\" data-widget_type=\"heading.default\">\n\t\t\t\t<div class=\"elementor-widget-container\">\n\t\t\t\t\t<h1 class=\"elementor-heading-title elementor-size-default\">Eristysala lyhyesti<\/h1>\t\t\t\t<\/div>\n\t\t\t\t<\/div>\n\t\t\t\t<section class=\"elementor-section elementor-inner-section elementor-element elementor-element-1b4fe7f elementor-section-boxed elementor-section-height-default elementor-section-height-default\" data-id=\"1b4fe7f\" data-element_type=\"section\" data-e-type=\"section\">\n\t\t\t\t\t\t<div class=\"elementor-container elementor-column-gap-default\">\n\t\t\t\t\t<div class=\"elementor-column elementor-col-50 elementor-inner-column elementor-element elementor-element-162f662\" data-id=\"162f662\" data-element_type=\"column\" data-e-type=\"column\">\n\t\t\t<div class=\"elementor-widget-wrap elementor-element-populated\">\n\t\t\t\t\t\t<div class=\"elementor-element elementor-element-6663ebb elementor-widget elementor-widget-text-editor\" data-id=\"6663ebb\" data-element_type=\"widget\" data-e-type=\"widget\" data-widget_type=\"text-editor.default\">\n\t\t\t\t<div class=\"elementor-widget-container\">\n\t\t\t\t\t\t\t\t\t<p>Teollisuuseristysalan asiakkaita ovat perinteisesti eri toimialojen<br \/>prosessiteollisuuslaitokset ja energian tuotantolaitokset.<br \/>LVI-eristyksi\u00e4 urakoivat yhti\u00f6t tarjoavat palveluja perinteisesti<br \/>rakennusalalle.<\/p>\n<ul>\n<li>Hyvin tehty eristys saa aikaan mukavuutta ja turvallisuutta<\/li>\n<li>Eristys pit\u00e4\u00e4 kuuman, kylm\u00e4n ja \u00e4\u00e4nen siell\u00e4, mihin se kuluu ja siten se ei h\u00e4iritse ymp\u00e4rist\u00f6\u00e4<\/li>\n<li>Eristys s\u00e4\u00e4st\u00e4\u00e4 energiaa \u2013 eristys suojaa kylm\u00e4n tai kuuman ymp\u00e4rist\u00f6lt\u00e4 tai toisinp\u00e4in<\/li>\n<li>Eristyksen p\u00e4\u00e4lle asennettava pinnoite tekee aina putkistoista ja laitteistoista viimeistellyn n\u00e4k\u00f6isi\u00e4<\/li>\n<li>Kuumat-\u00a0 tai kylm\u00e4t pinnat erist\u00e4m\u00e4tt\u00f6m\u00e4n\u00e4 aiheuttavat monenlaisia riskej\u00e4 esim. ty\u00f6ymp\u00e4rist\u00f6iss\u00e4<\/li>\n<\/ul>\t\t\t\t\t\t\t\t<\/div>\n\t\t\t\t<\/div>\n\t\t\t\t\t<\/div>\n\t\t<\/div>\n\t\t\t\t<div class=\"elementor-column elementor-col-50 elementor-inner-column elementor-element elementor-element-75e74a4\" data-id=\"75e74a4\" data-element_type=\"column\" data-e-type=\"column\">\n\t\t\t<div class=\"elementor-widget-wrap elementor-element-populated\">\n\t\t\t\t\t\t<div class=\"elementor-element elementor-element-060de24 animated-slow elementor-widget elementor-widget-image\" data-id=\"060de24\" data-element_type=\"widget\" data-e-type=\"widget\" data-settings=\"{&quot;_animation&quot;:&quot;none&quot;}\" data-widget_type=\"image.default\">\n\t\t\t\t<div class=\"elementor-widget-container\">\n\t\t\t\t\t\t\t\t\t\t\t\t\t\t\t<img fetchpriority=\"high\" decoding=\"async\" width=\"1024\" height=\"683\" src=\"https:\/\/www.suomeneristysyhdistys.fi\/fi\/wp-content\/uploads\/2019\/08\/lowresIMG_1571-1024x683.jpg\" class=\"attachment-large size-large wp-image-1187\" alt=\"\" srcset=\"https:\/\/www.suomeneristysyhdistys.fi\/fi\/wp-content\/uploads\/2019\/08\/lowresIMG_1571-1024x683.jpg 1024w, https:\/\/www.suomeneristysyhdistys.fi\/fi\/wp-content\/uploads\/2019\/08\/lowresIMG_1571-300x200.jpg 300w, https:\/\/www.suomeneristysyhdistys.fi\/fi\/wp-content\/uploads\/2019\/08\/lowresIMG_1571-768x512.jpg 768w\" sizes=\"(max-width: 1024px) 100vw, 1024px\" \/>\t\t\t\t\t\t\t\t\t\t\t\t\t\t\t<\/div>\n\t\t\t\t<\/div>\n\t\t\t\t\t<\/div>\n\t\t<\/div>\n\t\t\t\t\t<\/div>\n\t\t<\/section>\n\t\t\t\t<section class=\"elementor-section elementor-inner-section elementor-element elementor-element-e9d4381 elementor-section-boxed elementor-section-height-default elementor-section-height-default\" data-id=\"e9d4381\" data-element_type=\"section\" data-e-type=\"section\">\n\t\t\t\t\t\t<div class=\"elementor-container elementor-column-gap-default\">\n\t\t\t\t\t<div class=\"elementor-column elementor-col-50 elementor-inner-column elementor-element elementor-element-c371e23\" data-id=\"c371e23\" data-element_type=\"column\" data-e-type=\"column\">\n\t\t\t<div class=\"elementor-widget-wrap elementor-element-populated\">\n\t\t\t\t\t\t<div class=\"elementor-element elementor-element-362d339 elementor-widget elementor-widget-image\" data-id=\"362d339\" data-element_type=\"widget\" data-e-type=\"widget\" data-widget_type=\"image.default\">\n\t\t\t\t<div class=\"elementor-widget-container\">\n\t\t\t\t\t\t\t\t\t\t\t\t\t\t\t<img decoding=\"async\" width=\"1024\" height=\"683\" src=\"https:\/\/www.suomeneristysyhdistys.fi\/fi\/wp-content\/uploads\/2019\/08\/IMG_1193-1024x683.jpg\" class=\"attachment-large size-large wp-image-1317\" alt=\"\" srcset=\"https:\/\/www.suomeneristysyhdistys.fi\/fi\/wp-content\/uploads\/2019\/08\/IMG_1193-1024x683.jpg 1024w, https:\/\/www.suomeneristysyhdistys.fi\/fi\/wp-content\/uploads\/2019\/08\/IMG_1193-300x200.jpg 300w, https:\/\/www.suomeneristysyhdistys.fi\/fi\/wp-content\/uploads\/2019\/08\/IMG_1193-768x512.jpg 768w\" sizes=\"(max-width: 1024px) 100vw, 1024px\" \/>\t\t\t\t\t\t\t\t\t\t\t\t\t\t\t<\/div>\n\t\t\t\t<\/div>\n\t\t\t\t\t<\/div>\n\t\t<\/div>\n\t\t\t\t<div class=\"elementor-column elementor-col-50 elementor-inner-column elementor-element elementor-element-f3944f0\" data-id=\"f3944f0\" data-element_type=\"column\" data-e-type=\"column\">\n\t\t\t<div class=\"elementor-widget-wrap elementor-element-populated\">\n\t\t\t\t\t\t<div class=\"elementor-element elementor-element-7d6b306 elementor-widget elementor-widget-text-editor\" data-id=\"7d6b306\" data-element_type=\"widget\" data-e-type=\"widget\" data-widget_type=\"text-editor.default\">\n\t\t\t\t<div class=\"elementor-widget-container\">\n\t\t\t\t\t\t\t\t\t<p>Teollisuuserist\u00e4misess\u00e4 voidaan erotella seuraavat alalajit:<\/p>\n<ul>\n<li>L\u00e4mp\u00f6erist\u00e4minen<\/li>\n<li>Kylm\u00e4erist\u00e4minen<\/li>\n<li>\u00c4\u00e4nierist\u00e4minen<\/li>\n<li>Paloerist\u00e4minen<\/li>\n<li>Kunnossapitoerist\u00e4minen<\/li>\n<li>LVI erist\u00e4minen<\/li>\n<\/ul>\t\t\t\t\t\t\t\t<\/div>\n\t\t\t\t<\/div>\n\t\t\t\t\t<\/div>\n\t\t<\/div>\n\t\t\t\t\t<\/div>\n\t\t<\/section>\n\t\t\t\t<section class=\"elementor-section elementor-inner-section elementor-element elementor-element-3af1495 elementor-section-boxed elementor-section-height-default elementor-section-height-default\" data-id=\"3af1495\" data-element_type=\"section\" data-e-type=\"section\">\n\t\t\t\t\t\t<div class=\"elementor-container elementor-column-gap-default\">\n\t\t\t\t\t<div class=\"elementor-column elementor-col-50 elementor-inner-column elementor-element elementor-element-cfccd4b\" data-id=\"cfccd4b\" data-element_type=\"column\" data-e-type=\"column\">\n\t\t\t<div class=\"elementor-widget-wrap elementor-element-populated\">\n\t\t\t\t\t\t<div class=\"elementor-element elementor-element-de416ce elementor-widget elementor-widget-text-editor\" data-id=\"de416ce\" data-element_type=\"widget\" data-e-type=\"widget\" data-widget_type=\"text-editor.default\">\n\t\t\t\t<div class=\"elementor-widget-container\">\n\t\t\t\t\t\t\t\t\t<p>Eristysty\u00f6h\u00f6n kuuluu eristyksen pinnalle asennettava\u00a0<span style=\"font-style: inherit;\">pinnoite, se on yleisimmin ter\u00e4spelti sen eri muodoissaan. Eristyksen\u00a0<\/span><span style=\"font-style: inherit;\">p\u00e4\u00e4ll\u00e4 k\u00e4ytett\u00e4vi\u00e4 peltipinnoitteita voidaan my\u00f6s k\u00e4ytt\u00e4\u00e4 esteettisist\u00e4 s<\/span><span style=\"font-style: inherit;\">yist\u00e4.<\/span><\/p><p>Eristysalan yrityksist\u00e4 osa on my\u00f6s erikoistunut asennustelineiden asentamiseen, joita alamme t\u00f6iss\u00e4 ja ty\u00f6kohteissa useasti tarvitaan.<\/p>\t\t\t\t\t\t\t\t<\/div>\n\t\t\t\t<\/div>\n\t\t\t\t\t<\/div>\n\t\t<\/div>\n\t\t\t\t<div class=\"elementor-column elementor-col-50 elementor-inner-column elementor-element elementor-element-0fcf945\" data-id=\"0fcf945\" data-element_type=\"column\" data-e-type=\"column\">\n\t\t\t<div class=\"elementor-widget-wrap elementor-element-populated\">\n\t\t\t\t\t\t<div class=\"elementor-element elementor-element-40a98cb animated-slow elementor-invisible elementor-widget elementor-widget-image\" data-id=\"40a98cb\" data-element_type=\"widget\" data-e-type=\"widget\" data-settings=\"{&quot;_animation&quot;:&quot;pulse&quot;}\" data-widget_type=\"image.default\">\n\t\t\t\t<div class=\"elementor-widget-container\">\n\t\t\t\t\t\t\t\t\t\t\t\t\t\t\t<img decoding=\"async\" width=\"1024\" height=\"683\" src=\"https:\/\/www.suomeneristysyhdistys.fi\/fi\/wp-content\/uploads\/2019\/08\/lowresIMG_1578-1024x683.jpg\" class=\"attachment-large size-large wp-image-1190\" alt=\"\" srcset=\"https:\/\/www.suomeneristysyhdistys.fi\/fi\/wp-content\/uploads\/2019\/08\/lowresIMG_1578-1024x683.jpg 1024w, https:\/\/www.suomeneristysyhdistys.fi\/fi\/wp-content\/uploads\/2019\/08\/lowresIMG_1578-300x200.jpg 300w, https:\/\/www.suomeneristysyhdistys.fi\/fi\/wp-content\/uploads\/2019\/08\/lowresIMG_1578-768x512.jpg 768w\" sizes=\"(max-width: 1024px) 100vw, 1024px\" \/>\t\t\t\t\t\t\t\t\t\t\t\t\t\t\t<\/div>\n\t\t\t\t<\/div>\n\t\t\t\t\t<\/div>\n\t\t<\/div>\n\t\t\t\t\t<\/div>\n\t\t<\/section>\n\t\t\t\t\t<\/div>\n\t\t<\/div>\n\t\t\t\t\t<\/div>\n\t\t<\/section>\n\t\t\t\t<\/div>\n\t\t","protected":false},"excerpt":{"rendered":"<p>Eristysala lyhyesti Teollisuuseristysalan asiakkaita ovat perinteisesti eri toimialojen prosessiteollisuuslaitokset ja energian tuotantolaitokset. LVI-eristyksi\u00e4 urakoivat yhti\u00f6t tarjoavat palveluja perinteisesti rakennusalalle. Hyvin tehty eristys saa aikaan mukavuutta ja turvallisuutta Eristys pit\u00e4\u00e4 kuuman, kylm\u00e4n ja \u00e4\u00e4nen siell\u00e4, mihin se kuluu ja siten se ei h\u00e4iritse ymp\u00e4rist\u00f6\u00e4 Eristys s\u00e4\u00e4st\u00e4\u00e4 energiaa \u2013 eristys suojaa kylm\u00e4n tai kuuman ymp\u00e4rist\u00f6lt\u00e4 tai toisinp\u00e4in [&hellip;]<\/p>\n","protected":false},"author":1,"featured_media":0,"parent":0,"menu_order":0,"comment_status":"closed","ping_status":"closed","template":"","meta":{"zakra_page_container_layout":"customizer","zakra_page_sidebar_layout":"customizer","zakra_remove_content_margin":false,"zakra_sidebar":"customizer","zakra_transparent_header":"0","zakra_logo":0,"zakra_main_header_style":"default","zakra_menu_item_color":"","zakra_menu_item_hover_color":"","zakra_menu_item_active_color":"","zakra_menu_active_style":"","zakra_page_header":false,"ngg_post_thumbnail":0,"footnotes":""},"class_list":["post-8","page","type-page","status-publish","hentry"],"yoast_head":"<!-- This site is optimized with the Yoast SEO plugin v27.2 - https:\/\/yoast.com\/product\/yoast-seo-wordpress\/ -->\n<title>Eristysala lyhyesti - Suomen Eristysyhdistys Ry<\/title>\n<meta name=\"description\" content=\"Teollisuuseristysalan asiakkaita ovat etenkin prosessiteollisuusalan sek\u00e4 energia-alan tuotantolaitokset, LVI-eristys puolestaan liittyy rakennusalaan.\" \/>\n<meta name=\"robots\" content=\"index, follow, max-snippet:-1, max-image-preview:large, max-video-preview:-1\" \/>\n<link rel=\"canonical\" href=\"https:\/\/www.suomeneristysyhdistys.fi\/fi\/eristysala-lyhyesti\/\" \/>\n<meta property=\"og:locale\" content=\"fi_FI\" \/>\n<meta property=\"og:type\" content=\"article\" \/>\n<meta property=\"og:title\" content=\"Eristysalan esittely\u00e4\" \/>\n<meta property=\"og:description\" content=\"Teollisuuseristysalan asiakkaita ovat etenkin prosessiteollisuusalan sek\u00e4 energia-alan tuotantolaitokset, LVI-eristys puolestaan liittyy rakennusalaan.\" \/>\n<meta property=\"og:url\" content=\"https:\/\/www.suomeneristysyhdistys.fi\/fi\/eristysala-lyhyesti\/\" \/>\n<meta property=\"og:site_name\" content=\"Suomen Eristysyhdistys Ry\" \/>\n<meta property=\"article:modified_time\" content=\"2020-04-01T09:37:47+00:00\" \/>\n<meta property=\"og:image\" content=\"https:\/\/www.suomeneristysyhdistys.fi\/fi\/wp-content\/uploads\/2019\/07\/p\u00e4\u00e4kuva.jpg\" \/>\n\t<meta property=\"og:image:width\" content=\"2000\" \/>\n\t<meta property=\"og:image:height\" content=\"1333\" \/>\n\t<meta property=\"og:image:type\" content=\"image\/jpeg\" \/>\n<meta name=\"twitter:card\" content=\"summary_large_image\" \/>\n<meta name=\"twitter:title\" content=\"Eristysalan esittely\u00e4\" \/>\n<meta name=\"twitter:image\" content=\"https:\/\/www.suomeneristysyhdistys.fi\/fi\/wp-content\/uploads\/2019\/07\/p\u00e4\u00e4kuva.jpg\" \/>\n<meta name=\"twitter:label1\" content=\"Arvioitu lukuaika\" \/>\n\t<meta name=\"twitter:data1\" content=\"1 minuutti\" \/>\n<script type=\"application\/ld+json\" class=\"yoast-schema-graph\">{\"@context\":\"https:\/\/schema.org\",\"@graph\":[{\"@type\":\"WebPage\",\"@id\":\"https:\/\/www.suomeneristysyhdistys.fi\/fi\/eristysala-lyhyesti\/\",\"url\":\"https:\/\/www.suomeneristysyhdistys.fi\/fi\/eristysala-lyhyesti\/\",\"name\":\"Eristysala lyhyesti - Suomen Eristysyhdistys Ry\",\"isPartOf\":{\"@id\":\"https:\/\/www.suomeneristysyhdistys.fi\/fi\/#website\"},\"primaryImageOfPage\":{\"@id\":\"https:\/\/www.suomeneristysyhdistys.fi\/fi\/eristysala-lyhyesti\/#primaryimage\"},\"image\":{\"@id\":\"https:\/\/www.suomeneristysyhdistys.fi\/fi\/eristysala-lyhyesti\/#primaryimage\"},\"thumbnailUrl\":\"http:\/\/www.suomeneristysyhdistys.fi\/fi\/wp-content\/uploads\/2019\/08\/lowresIMG_1571-1024x683.jpg\",\"datePublished\":\"2019-06-19T05:40:26+00:00\",\"dateModified\":\"2020-04-01T09:37:47+00:00\",\"description\":\"Teollisuuseristysalan asiakkaita ovat etenkin prosessiteollisuusalan sek\u00e4 energia-alan tuotantolaitokset, LVI-eristys puolestaan liittyy rakennusalaan.\",\"breadcrumb\":{\"@id\":\"https:\/\/www.suomeneristysyhdistys.fi\/fi\/eristysala-lyhyesti\/#breadcrumb\"},\"inLanguage\":\"fi\",\"potentialAction\":[{\"@type\":\"ReadAction\",\"target\":[\"https:\/\/www.suomeneristysyhdistys.fi\/fi\/eristysala-lyhyesti\/\"]}]},{\"@type\":\"ImageObject\",\"inLanguage\":\"fi\",\"@id\":\"https:\/\/www.suomeneristysyhdistys.fi\/fi\/eristysala-lyhyesti\/#primaryimage\",\"url\":\"http:\/\/www.suomeneristysyhdistys.fi\/fi\/wp-content\/uploads\/2019\/08\/lowresIMG_1571-1024x683.jpg\",\"contentUrl\":\"http:\/\/www.suomeneristysyhdistys.fi\/fi\/wp-content\/uploads\/2019\/08\/lowresIMG_1571-1024x683.jpg\"},{\"@type\":\"BreadcrumbList\",\"@id\":\"https:\/\/www.suomeneristysyhdistys.fi\/fi\/eristysala-lyhyesti\/#breadcrumb\",\"itemListElement\":[{\"@type\":\"ListItem\",\"position\":1,\"name\":\"Home\",\"item\":\"https:\/\/www.suomeneristysyhdistys.fi\/fi\/\"},{\"@type\":\"ListItem\",\"position\":2,\"name\":\"Eristysala lyhyesti\"}]},{\"@type\":\"WebSite\",\"@id\":\"https:\/\/www.suomeneristysyhdistys.fi\/fi\/#website\",\"url\":\"https:\/\/www.suomeneristysyhdistys.fi\/fi\/\",\"name\":\"Suomen Eristysyhdistys Ry\",\"description\":\"\",\"publisher\":{\"@id\":\"https:\/\/www.suomeneristysyhdistys.fi\/fi\/#organization\"},\"potentialAction\":[{\"@type\":\"SearchAction\",\"target\":{\"@type\":\"EntryPoint\",\"urlTemplate\":\"https:\/\/www.suomeneristysyhdistys.fi\/fi\/?s={search_term_string}\"},\"query-input\":{\"@type\":\"PropertyValueSpecification\",\"valueRequired\":true,\"valueName\":\"search_term_string\"}}],\"inLanguage\":\"fi\"},{\"@type\":\"Organization\",\"@id\":\"https:\/\/www.suomeneristysyhdistys.fi\/fi\/#organization\",\"name\":\"Suomen Eristysyhdistys Ry\",\"url\":\"https:\/\/www.suomeneristysyhdistys.fi\/fi\/\",\"logo\":{\"@type\":\"ImageObject\",\"inLanguage\":\"fi\",\"@id\":\"https:\/\/www.suomeneristysyhdistys.fi\/fi\/#\/schema\/logo\/image\/\",\"url\":\"https:\/\/www.suomeneristysyhdistys.fi\/fi\/wp-content\/uploads\/2019\/08\/cropped-pieni_suomeney_logo-cmyk.png\",\"contentUrl\":\"https:\/\/www.suomeneristysyhdistys.fi\/fi\/wp-content\/uploads\/2019\/08\/cropped-pieni_suomeney_logo-cmyk.png\",\"width\":170,\"height\":69,\"caption\":\"Suomen Eristysyhdistys Ry\"},\"image\":{\"@id\":\"https:\/\/www.suomeneristysyhdistys.fi\/fi\/#\/schema\/logo\/image\/\"}}]}<\/script>\n<!-- \/ Yoast SEO plugin. -->","yoast_head_json":{"title":"Eristysala lyhyesti - Suomen Eristysyhdistys Ry","description":"Teollisuuseristysalan asiakkaita ovat etenkin prosessiteollisuusalan sek\u00e4 energia-alan tuotantolaitokset, LVI-eristys puolestaan liittyy rakennusalaan.","robots":{"index":"index","follow":"follow","max-snippet":"max-snippet:-1","max-image-preview":"max-image-preview:large","max-video-preview":"max-video-preview:-1"},"canonical":"https:\/\/www.suomeneristysyhdistys.fi\/fi\/eristysala-lyhyesti\/","og_locale":"fi_FI","og_type":"article","og_title":"Eristysalan esittely\u00e4","og_description":"Teollisuuseristysalan asiakkaita ovat etenkin prosessiteollisuusalan sek\u00e4 energia-alan tuotantolaitokset, LVI-eristys puolestaan liittyy rakennusalaan.","og_url":"https:\/\/www.suomeneristysyhdistys.fi\/fi\/eristysala-lyhyesti\/","og_site_name":"Suomen Eristysyhdistys Ry","article_modified_time":"2020-04-01T09:37:47+00:00","og_image":[{"width":2000,"height":1333,"url":"https:\/\/www.suomeneristysyhdistys.fi\/fi\/wp-content\/uploads\/2019\/07\/p\u00e4\u00e4kuva.jpg","type":"image\/jpeg"}],"twitter_card":"summary_large_image","twitter_title":"Eristysalan esittely\u00e4","twitter_image":"https:\/\/www.suomeneristysyhdistys.fi\/fi\/wp-content\/uploads\/2019\/07\/p\u00e4\u00e4kuva.jpg","twitter_misc":{"Arvioitu lukuaika":"1 minuutti"},"schema":{"@context":"https:\/\/schema.org","@graph":[{"@type":"WebPage","@id":"https:\/\/www.suomeneristysyhdistys.fi\/fi\/eristysala-lyhyesti\/","url":"https:\/\/www.suomeneristysyhdistys.fi\/fi\/eristysala-lyhyesti\/","name":"Eristysala lyhyesti - Suomen Eristysyhdistys Ry","isPartOf":{"@id":"https:\/\/www.suomeneristysyhdistys.fi\/fi\/#website"},"primaryImageOfPage":{"@id":"https:\/\/www.suomeneristysyhdistys.fi\/fi\/eristysala-lyhyesti\/#primaryimage"},"image":{"@id":"https:\/\/www.suomeneristysyhdistys.fi\/fi\/eristysala-lyhyesti\/#primaryimage"},"thumbnailUrl":"http:\/\/www.suomeneristysyhdistys.fi\/fi\/wp-content\/uploads\/2019\/08\/lowresIMG_1571-1024x683.jpg","datePublished":"2019-06-19T05:40:26+00:00","dateModified":"2020-04-01T09:37:47+00:00","description":"Teollisuuseristysalan asiakkaita ovat etenkin prosessiteollisuusalan sek\u00e4 energia-alan tuotantolaitokset, LVI-eristys puolestaan liittyy rakennusalaan.","breadcrumb":{"@id":"https:\/\/www.suomeneristysyhdistys.fi\/fi\/eristysala-lyhyesti\/#breadcrumb"},"inLanguage":"fi","potentialAction":[{"@type":"ReadAction","target":["https:\/\/www.suomeneristysyhdistys.fi\/fi\/eristysala-lyhyesti\/"]}]},{"@type":"ImageObject","inLanguage":"fi","@id":"https:\/\/www.suomeneristysyhdistys.fi\/fi\/eristysala-lyhyesti\/#primaryimage","url":"http:\/\/www.suomeneristysyhdistys.fi\/fi\/wp-content\/uploads\/2019\/08\/lowresIMG_1571-1024x683.jpg","contentUrl":"http:\/\/www.suomeneristysyhdistys.fi\/fi\/wp-content\/uploads\/2019\/08\/lowresIMG_1571-1024x683.jpg"},{"@type":"BreadcrumbList","@id":"https:\/\/www.suomeneristysyhdistys.fi\/fi\/eristysala-lyhyesti\/#breadcrumb","itemListElement":[{"@type":"ListItem","position":1,"name":"Home","item":"https:\/\/www.suomeneristysyhdistys.fi\/fi\/"},{"@type":"ListItem","position":2,"name":"Eristysala lyhyesti"}]},{"@type":"WebSite","@id":"https:\/\/www.suomeneristysyhdistys.fi\/fi\/#website","url":"https:\/\/www.suomeneristysyhdistys.fi\/fi\/","name":"Suomen Eristysyhdistys Ry","description":"","publisher":{"@id":"https:\/\/www.suomeneristysyhdistys.fi\/fi\/#organization"},"potentialAction":[{"@type":"SearchAction","target":{"@type":"EntryPoint","urlTemplate":"https:\/\/www.suomeneristysyhdistys.fi\/fi\/?s={search_term_string}"},"query-input":{"@type":"PropertyValueSpecification","valueRequired":true,"valueName":"search_term_string"}}],"inLanguage":"fi"},{"@type":"Organization","@id":"https:\/\/www.suomeneristysyhdistys.fi\/fi\/#organization","name":"Suomen Eristysyhdistys Ry","url":"https:\/\/www.suomeneristysyhdistys.fi\/fi\/","logo":{"@type":"ImageObject","inLanguage":"fi","@id":"https:\/\/www.suomeneristysyhdistys.fi\/fi\/#\/schema\/logo\/image\/","url":"https:\/\/www.suomeneristysyhdistys.fi\/fi\/wp-content\/uploads\/2019\/08\/cropped-pieni_suomeney_logo-cmyk.png","contentUrl":"https:\/\/www.suomeneristysyhdistys.fi\/fi\/wp-content\/uploads\/2019\/08\/cropped-pieni_suomeney_logo-cmyk.png","width":170,"height":69,"caption":"Suomen Eristysyhdistys Ry"},"image":{"@id":"https:\/\/www.suomeneristysyhdistys.fi\/fi\/#\/schema\/logo\/image\/"}}]}},"_links":{"self":[{"href":"https:\/\/www.suomeneristysyhdistys.fi\/fi\/wp-json\/wp\/v2\/pages\/8","targetHints":{"allow":["GET"]}}],"collection":[{"href":"https:\/\/www.suomeneristysyhdistys.fi\/fi\/wp-json\/wp\/v2\/pages"}],"about":[{"href":"https:\/\/www.suomeneristysyhdistys.fi\/fi\/wp-json\/wp\/v2\/types\/page"}],"author":[{"embeddable":true,"href":"https:\/\/www.suomeneristysyhdistys.fi\/fi\/wp-json\/wp\/v2\/users\/1"}],"replies":[{"embeddable":true,"href":"https:\/\/www.suomeneristysyhdistys.fi\/fi\/wp-json\/wp\/v2\/comments?post=8"}],"version-history":[{"count":19,"href":"https:\/\/www.suomeneristysyhdistys.fi\/fi\/wp-json\/wp\/v2\/pages\/8\/revisions"}],"predecessor-version":[{"id":1545,"href":"https:\/\/www.suomeneristysyhdistys.fi\/fi\/wp-json\/wp\/v2\/pages\/8\/revisions\/1545"}],"wp:attachment":[{"href":"https:\/\/www.suomeneristysyhdistys.fi\/fi\/wp-json\/wp\/v2\/media?parent=8"}],"curies":[{"name":"wp","href":"https:\/\/api.w.org\/{rel}","templated":true}]}}