{"id":4,"date":"2019-06-19T05:39:35","date_gmt":"2019-06-19T05:39:35","guid":{"rendered":"http:\/\/www.suomeneristysyhdistys.fi\/fi\/?page_id=4"},"modified":"2025-02-17T07:06:31","modified_gmt":"2025-02-17T07:06:31","slug":"yhdistys","status":"publish","type":"page","link":"https:\/\/www.suomeneristysyhdistys.fi\/fi\/yhdistys\/","title":{"rendered":"Yhdistys"},"content":{"rendered":"\t\t<div data-elementor-type=\"wp-post\" data-elementor-id=\"4\" class=\"elementor elementor-4\">\n\t\t\t\t\t\t<section class=\"elementor-section elementor-top-section elementor-element elementor-element-2f3643c elementor-section-boxed elementor-section-height-default elementor-section-height-default\" data-id=\"2f3643c\" data-element_type=\"section\" data-e-type=\"section\">\n\t\t\t\t\t\t<div class=\"elementor-container elementor-column-gap-default\">\n\t\t\t\t\t<div class=\"elementor-column elementor-col-100 elementor-top-column elementor-element elementor-element-2053160c\" data-id=\"2053160c\" data-element_type=\"column\" data-e-type=\"column\">\n\t\t\t<div class=\"elementor-widget-wrap elementor-element-populated\">\n\t\t\t\t\t\t<div class=\"elementor-element elementor-element-1115347 elementor-widget elementor-widget-heading\" data-id=\"1115347\" data-element_type=\"widget\" data-e-type=\"widget\" data-widget_type=\"heading.default\">\n\t\t\t\t<div class=\"elementor-widget-container\">\n\t\t\t\t\t<h1 class=\"elementor-heading-title elementor-size-default\">Toiminta<\/h1>\t\t\t\t<\/div>\n\t\t\t\t<\/div>\n\t\t\t\t<section class=\"elementor-section elementor-inner-section elementor-element elementor-element-9c29541 elementor-section-boxed elementor-section-height-default elementor-section-height-default\" data-id=\"9c29541\" data-element_type=\"section\" data-e-type=\"section\">\n\t\t\t\t\t\t<div class=\"elementor-container elementor-column-gap-default\">\n\t\t\t\t\t<div class=\"elementor-column elementor-col-50 elementor-inner-column elementor-element elementor-element-97081d2\" data-id=\"97081d2\" data-element_type=\"column\" data-e-type=\"column\">\n\t\t\t<div class=\"elementor-widget-wrap elementor-element-populated\">\n\t\t\t\t\t\t<div class=\"elementor-element elementor-element-bf94bc0 elementor-widget elementor-widget-text-editor\" data-id=\"bf94bc0\" data-element_type=\"widget\" data-e-type=\"widget\" data-widget_type=\"text-editor.default\">\n\t\t\t\t<div class=\"elementor-widget-container\">\n\t\t\t\t\t\t\t\t\t<p>Yhdistys ei toimi alan ammattij\u00e4rjest\u00f6n\u00e4, vaan yhdistyksen j\u00e4senet\u00a0kuuluvat p\u00e4\u00e4s\u00e4\u00e4nt\u00f6isesti Teknologiateollisuuden alaisuudessa toimivaan\u00a0MTHL:n,\u00a0 joka toimii toimialan virallisen ty\u00f6nantajaliittona ja sen\u00a0puolesta alan ty\u00f6nehtokumppanina.<\/p>\n<p>Yhdistyksen toimintaa ovat mm. seuraavat asiat<\/p>\n<ul>\n<li>olla mukana alan teknisten ratkaisujen kehitt\u00e4misess\u00e4<\/li>\n<li>erikoisen kapea-alaisen toimialatuntemuksen yll\u00e4 pit\u00e4minen yhteiskunnassamme<\/li>\n<li>ammattitaitoisen ty\u00f6voiman saannin turvaaminen toimiallalle<\/li>\n<li>alan koulutuksen kehitt\u00e4minen ja edist\u00e4minen<\/li>\n<li>alan kansainv\u00e4lisen kehityksen seuraaminen<\/li>\n<\/ul>\t\t\t\t\t\t\t\t<\/div>\n\t\t\t\t<\/div>\n\t\t\t\t\t<\/div>\n\t\t<\/div>\n\t\t\t\t<div class=\"elementor-column elementor-col-50 elementor-inner-column elementor-element elementor-element-12ec218\" data-id=\"12ec218\" data-element_type=\"column\" data-e-type=\"column\">\n\t\t\t<div class=\"elementor-widget-wrap elementor-element-populated\">\n\t\t\t\t\t\t<div class=\"elementor-element elementor-element-35013ce elementor-widget elementor-widget-image\" data-id=\"35013ce\" data-element_type=\"widget\" data-e-type=\"widget\" data-widget_type=\"image.default\">\n\t\t\t\t<div class=\"elementor-widget-container\">\n\t\t\t\t\t\t\t\t\t\t\t\t\t\t\t<img fetchpriority=\"high\" decoding=\"async\" width=\"1024\" height=\"683\" src=\"https:\/\/www.suomeneristysyhdistys.fi\/fi\/wp-content\/uploads\/2019\/08\/IMG_1786logotpiilossa-1024x683.jpg\" class=\"attachment-large size-large wp-image-1373\" alt=\"\" srcset=\"https:\/\/www.suomeneristysyhdistys.fi\/fi\/wp-content\/uploads\/2019\/08\/IMG_1786logotpiilossa-1024x683.jpg 1024w, https:\/\/www.suomeneristysyhdistys.fi\/fi\/wp-content\/uploads\/2019\/08\/IMG_1786logotpiilossa-300x200.jpg 300w, https:\/\/www.suomeneristysyhdistys.fi\/fi\/wp-content\/uploads\/2019\/08\/IMG_1786logotpiilossa-768x512.jpg 768w\" sizes=\"(max-width: 1024px) 100vw, 1024px\" \/>\t\t\t\t\t\t\t\t\t\t\t\t\t\t\t<\/div>\n\t\t\t\t<\/div>\n\t\t\t\t\t<\/div>\n\t\t<\/div>\n\t\t\t\t\t<\/div>\n\t\t<\/section>\n\t\t\t\t<section class=\"elementor-section elementor-inner-section elementor-element elementor-element-cbfd29a elementor-section-boxed elementor-section-height-default elementor-section-height-default\" data-id=\"cbfd29a\" data-element_type=\"section\" data-e-type=\"section\">\n\t\t\t\t\t\t<div class=\"elementor-container elementor-column-gap-default\">\n\t\t\t\t\t<div class=\"elementor-column elementor-col-50 elementor-inner-column elementor-element elementor-element-7991518\" data-id=\"7991518\" data-element_type=\"column\" data-e-type=\"column\">\n\t\t\t<div class=\"elementor-widget-wrap elementor-element-populated\">\n\t\t\t\t\t\t<div class=\"elementor-element elementor-element-77653bf elementor-widget elementor-widget-image\" data-id=\"77653bf\" data-element_type=\"widget\" data-e-type=\"widget\" data-widget_type=\"image.default\">\n\t\t\t\t<div class=\"elementor-widget-container\">\n\t\t\t\t\t\t\t\t\t\t\t\t\t\t\t<img decoding=\"async\" width=\"1024\" height=\"683\" src=\"https:\/\/www.suomeneristysyhdistys.fi\/fi\/wp-content\/uploads\/2019\/08\/lowresIMG_1218-1024x683.jpg\" class=\"attachment-large size-large wp-image-1326\" alt=\"\" srcset=\"https:\/\/www.suomeneristysyhdistys.fi\/fi\/wp-content\/uploads\/2019\/08\/lowresIMG_1218-1024x683.jpg 1024w, https:\/\/www.suomeneristysyhdistys.fi\/fi\/wp-content\/uploads\/2019\/08\/lowresIMG_1218-300x200.jpg 300w, https:\/\/www.suomeneristysyhdistys.fi\/fi\/wp-content\/uploads\/2019\/08\/lowresIMG_1218-768x512.jpg 768w\" sizes=\"(max-width: 1024px) 100vw, 1024px\" \/>\t\t\t\t\t\t\t\t\t\t\t\t\t\t\t<\/div>\n\t\t\t\t<\/div>\n\t\t\t\t\t<\/div>\n\t\t<\/div>\n\t\t\t\t<div class=\"elementor-column elementor-col-50 elementor-inner-column elementor-element elementor-element-7338d57\" data-id=\"7338d57\" data-element_type=\"column\" data-e-type=\"column\">\n\t\t\t<div class=\"elementor-widget-wrap elementor-element-populated\">\n\t\t\t\t\t\t<div class=\"elementor-element elementor-element-ada1a85 elementor-widget elementor-widget-text-editor\" data-id=\"ada1a85\" data-element_type=\"widget\" data-e-type=\"widget\" data-widget_type=\"text-editor.default\">\n\t\t\t\t<div class=\"elementor-widget-container\">\n\t\t\t\t\t\t\t\t\t<h4>Historiaa<\/h4><p>Yhdistys perustettiin 20.5.1960 Hotelli Helsingiss\u00e4 ja siihen liittyi\u00a0jo aloittaessa toistakymment\u00e4 j\u00e4senyrityst\u00e4. Puheenjohtajaksi valittiin\u00a0E. Eerik\u00e4inen, joka toimi yhdistyksen puheenjohtajana 1961 saakka.\u00a0Yhdistyksell\u00e4 on historiansa aikana ollut 6 puheenjohtajaa ja 2\u00a0asiamiest\u00e4.<\/p><p><strong>Puheenjohtajat:<\/strong><\/p><ul><li>E.Eerik\u00e4inen 1960 \u2013 1961<\/li><li>J.Heinonen 1962 &#8211; 1965<\/li><li>M.Helminen 1966 &#8211; 1967<\/li><li>M.Fred\u00e9n 1968 &#8211; 2005<\/li><li>K.Kronholm 2005 &#8211; 2010<\/li><li>J.Koskelainen 2010 &#8211; 2021<\/li><li>J. Kuusilehto 2022 &#8211;<\/li><\/ul>\t\t\t\t\t\t\t\t<\/div>\n\t\t\t\t<\/div>\n\t\t\t\t\t<\/div>\n\t\t<\/div>\n\t\t\t\t\t<\/div>\n\t\t<\/section>\n\t\t\t\t<section class=\"elementor-section elementor-inner-section elementor-element elementor-element-80465c7 elementor-section-boxed elementor-section-height-default elementor-section-height-default\" data-id=\"80465c7\" data-element_type=\"section\" data-e-type=\"section\">\n\t\t\t\t\t\t<div class=\"elementor-container elementor-column-gap-default\">\n\t\t\t\t\t<div class=\"elementor-column elementor-col-50 elementor-inner-column elementor-element elementor-element-e05ba9d\" data-id=\"e05ba9d\" data-element_type=\"column\" data-e-type=\"column\">\n\t\t\t<div class=\"elementor-widget-wrap elementor-element-populated\">\n\t\t\t\t\t\t<div class=\"elementor-element elementor-element-af7b27a elementor-widget elementor-widget-text-editor\" data-id=\"af7b27a\" data-element_type=\"widget\" data-e-type=\"widget\" data-widget_type=\"text-editor.default\">\n\t\t\t\t<div class=\"elementor-widget-container\">\n\t\t\t\t\t\t\t\t\t<h4>Toiminnasta<\/h4>\n<p>Yhdistyksen toiminta on ollut vuosikymmenien aikana hyvinkin vaihtelevaa. P\u00e4\u00e4s\u00e4\u00e4nt\u00f6isesti yhdistyksen toiminta on aina l\u00e4htenyt j\u00e4senten\u00a0tarpeista ja heid\u00e4n kiinnostuskohteista.<\/p>\n<p>T\u00e4rkein tarkoitus on\u00a0perinteisesti ollut toimialan kehityksest\u00e4 tiedottaminen ja sen\u00a0seuraaminen. Yhdistyksen j\u00e4senyritykset ovat aktiivisesti osallistuneet<br \/>my\u00f6s alan standartoimistoimikuntaan seka ty\u00f6nantajien keskusj\u00e4rjest\u00f6n\u00a0MTHL:n toimintaan.\u00a0<\/p>\n<p>Alan koulutusasiat ovat olleet viime vuosikymmenten aikana yksi\u00a0t\u00e4rkeimmist\u00e4 asioista. Yhdistys on tehnyt yhteisty\u00f6t\u00e4 eri\u00a0koulutustahojen kanssa.<\/p>\n<p>Yhdistyksess\u00e4 on t\u00e4ll\u00e4 hetkell\u00e4 19 j\u00e4senyrityst\u00e4 ja useampi kannattajaj\u00e4senyritys.<\/p>\t\t\t\t\t\t\t\t<\/div>\n\t\t\t\t<\/div>\n\t\t\t\t\t<\/div>\n\t\t<\/div>\n\t\t\t\t<div class=\"elementor-column elementor-col-50 elementor-inner-column elementor-element elementor-element-401ca00\" data-id=\"401ca00\" data-element_type=\"column\" data-e-type=\"column\">\n\t\t\t<div class=\"elementor-widget-wrap elementor-element-populated\">\n\t\t\t\t\t\t<div class=\"elementor-element elementor-element-28e095e elementor-widget elementor-widget-image\" data-id=\"28e095e\" data-element_type=\"widget\" data-e-type=\"widget\" data-widget_type=\"image.default\">\n\t\t\t\t<div class=\"elementor-widget-container\">\n\t\t\t\t\t\t\t\t\t\t\t\t\t\t\t<img decoding=\"async\" width=\"1024\" height=\"683\" src=\"https:\/\/www.suomeneristysyhdistys.fi\/fi\/wp-content\/uploads\/2019\/08\/lowresIMG_1220-1024x683.jpg\" class=\"attachment-large size-large wp-image-1328\" alt=\"\" srcset=\"https:\/\/www.suomeneristysyhdistys.fi\/fi\/wp-content\/uploads\/2019\/08\/lowresIMG_1220-1024x683.jpg 1024w, https:\/\/www.suomeneristysyhdistys.fi\/fi\/wp-content\/uploads\/2019\/08\/lowresIMG_1220-300x200.jpg 300w, https:\/\/www.suomeneristysyhdistys.fi\/fi\/wp-content\/uploads\/2019\/08\/lowresIMG_1220-768x512.jpg 768w\" sizes=\"(max-width: 1024px) 100vw, 1024px\" \/>\t\t\t\t\t\t\t\t\t\t\t\t\t\t\t<\/div>\n\t\t\t\t<\/div>\n\t\t\t\t\t<\/div>\n\t\t<\/div>\n\t\t\t\t\t<\/div>\n\t\t<\/section>\n\t\t\t\t\t<\/div>\n\t\t<\/div>\n\t\t\t\t\t<\/div>\n\t\t<\/section>\n\t\t\t\t<section class=\"elementor-section elementor-top-section elementor-element elementor-element-b17eb3b elementor-section-boxed elementor-section-height-default elementor-section-height-default\" data-id=\"b17eb3b\" data-element_type=\"section\" data-e-type=\"section\">\n\t\t\t\t\t\t<div class=\"elementor-container elementor-column-gap-default\">\n\t\t\t\t\t<div class=\"elementor-column elementor-col-100 elementor-top-column elementor-element elementor-element-50f391b\" data-id=\"50f391b\" data-element_type=\"column\" data-e-type=\"column\">\n\t\t\t<div class=\"elementor-widget-wrap elementor-element-populated\">\n\t\t\t\t\t\t<section class=\"elementor-section elementor-inner-section elementor-element elementor-element-906a5b2 elementor-section-boxed elementor-section-height-default elementor-section-height-default\" data-id=\"906a5b2\" data-element_type=\"section\" data-e-type=\"section\">\n\t\t\t\t\t\t<div class=\"elementor-container elementor-column-gap-default\">\n\t\t\t\t\t<div class=\"elementor-column elementor-col-50 elementor-inner-column elementor-element elementor-element-08c8960\" data-id=\"08c8960\" data-element_type=\"column\" data-e-type=\"column\">\n\t\t\t<div class=\"elementor-widget-wrap elementor-element-populated\">\n\t\t\t\t\t\t<div class=\"elementor-element elementor-element-7f0fea5 elementor-widget elementor-widget-image\" data-id=\"7f0fea5\" data-element_type=\"widget\" data-e-type=\"widget\" data-widget_type=\"image.default\">\n\t\t\t\t<div class=\"elementor-widget-container\">\n\t\t\t\t\t\t\t\t\t\t\t\t\t\t\t<img loading=\"lazy\" decoding=\"async\" width=\"698\" height=\"275\" src=\"https:\/\/www.suomeneristysyhdistys.fi\/fi\/wp-content\/uploads\/2019\/08\/sery-50v.jpg\" class=\"attachment-large size-large wp-image-1324\" alt=\"\" srcset=\"https:\/\/www.suomeneristysyhdistys.fi\/fi\/wp-content\/uploads\/2019\/08\/sery-50v.jpg 698w, https:\/\/www.suomeneristysyhdistys.fi\/fi\/wp-content\/uploads\/2019\/08\/sery-50v-300x118.jpg 300w\" sizes=\"(max-width: 698px) 100vw, 698px\" \/>\t\t\t\t\t\t\t\t\t\t\t\t\t\t\t<\/div>\n\t\t\t\t<\/div>\n\t\t\t\t\t<\/div>\n\t\t<\/div>\n\t\t\t\t<div class=\"elementor-column elementor-col-50 elementor-inner-column elementor-element elementor-element-efcd89a\" data-id=\"efcd89a\" data-element_type=\"column\" data-e-type=\"column\">\n\t\t\t<div class=\"elementor-widget-wrap elementor-element-populated\">\n\t\t\t\t\t\t<div class=\"elementor-element elementor-element-ea15084 elementor-widget elementor-widget-text-editor\" data-id=\"ea15084\" data-element_type=\"widget\" data-e-type=\"widget\" data-widget_type=\"text-editor.default\">\n\t\t\t\t<div class=\"elementor-widget-container\">\n\t\t\t\t\t\t\t\t\t<h3>Yhdistys 50v.<\/h3>\n<p>Yhdistyksen 50 v. historiikki julkaistiin yhdistyksen\u00a0juhlakokouksessa 20.5.2010 Hotelli Helsingiss\u00e4. Samana iltana juhlittiin\u00a0illallisen merkeiss\u00e4 yhti\u00f6n historiallista taivalta.\u00a0<\/p>\n<p>Yhdistyksen historiikkia voi tilata asiamiehelt\u00e4 hintaan 40 eur + postikulut!<\/p>\t\t\t\t\t\t\t\t<\/div>\n\t\t\t\t<\/div>\n\t\t\t\t\t<\/div>\n\t\t<\/div>\n\t\t\t\t\t<\/div>\n\t\t<\/section>\n\t\t\t\t\t<\/div>\n\t\t<\/div>\n\t\t\t\t\t<\/div>\n\t\t<\/section>\n\t\t\t\t<\/div>\n\t\t","protected":false},"excerpt":{"rendered":"<p>Toiminta Yhdistys ei toimi alan ammattij\u00e4rjest\u00f6n\u00e4, vaan yhdistyksen j\u00e4senet\u00a0kuuluvat p\u00e4\u00e4s\u00e4\u00e4nt\u00f6isesti Teknologiateollisuuden alaisuudessa toimivaan\u00a0MTHL:n,\u00a0 joka toimii toimialan virallisen ty\u00f6nantajaliittona ja sen\u00a0puolesta alan ty\u00f6nehtokumppanina. Yhdistyksen toimintaa ovat mm. seuraavat asiat olla mukana alan teknisten ratkaisujen kehitt\u00e4misess\u00e4 erikoisen kapea-alaisen toimialatuntemuksen yll\u00e4 pit\u00e4minen yhteiskunnassamme ammattitaitoisen ty\u00f6voiman saannin turvaaminen toimiallalle alan koulutuksen kehitt\u00e4minen ja edist\u00e4minen alan kansainv\u00e4lisen kehityksen seuraaminen Historiaa [&hellip;]<\/p>\n","protected":false},"author":1,"featured_media":0,"parent":0,"menu_order":0,"comment_status":"closed","ping_status":"closed","template":"elementor_header_footer","meta":{"zakra_page_container_layout":"customizer","zakra_page_sidebar_layout":"customizer","zakra_remove_content_margin":false,"zakra_sidebar":"customizer","zakra_transparent_header":"0","zakra_logo":0,"zakra_main_header_style":"default","zakra_menu_item_color":"","zakra_menu_item_hover_color":"","zakra_menu_item_active_color":"","zakra_menu_active_style":"","zakra_page_header":false,"ngg_post_thumbnail":0,"footnotes":""},"class_list":["post-4","page","type-page","status-publish","hentry"],"yoast_head":"<!-- This site is optimized with the Yoast SEO plugin v27.2 - https:\/\/yoast.com\/product\/yoast-seo-wordpress\/ -->\n<title>Tietoa meid\u00e4n yhdistyksest\u00e4 - Suomen Eristysyhdistys Ry<\/title>\n<meta name=\"description\" content=\"Suomen Eristysyhdistys RY ei toimi alan ammattij\u00e4rjest\u00f6n\u00e4, vaan j\u00e4senet kuuluvat p\u00e4\u00e4s\u00e4\u00e4nt\u00f6isesti Teknologiateollisuuden alaisuudessa toimivaan MTHL:\u00e4\u00e4n\" \/>\n<meta name=\"robots\" content=\"index, follow, max-snippet:-1, max-image-preview:large, max-video-preview:-1\" \/>\n<link rel=\"canonical\" href=\"https:\/\/www.suomeneristysyhdistys.fi\/fi\/yhdistys\/\" \/>\n<meta property=\"og:locale\" content=\"fi_FI\" \/>\n<meta property=\"og:type\" content=\"article\" \/>\n<meta property=\"og:title\" content=\"Tietoa meid\u00e4n yhdistyksest\u00e4 - Suomen Eristysyhdistys Ry\" \/>\n<meta property=\"og:description\" content=\"Suomen Eristysyhdistys RY ei toimi alan ammattij\u00e4rjest\u00f6n\u00e4, vaan j\u00e4senet kuuluvat p\u00e4\u00e4s\u00e4\u00e4nt\u00f6isesti Teknologiateollisuuden alaisuudessa toimivaan MTHL:\u00e4\u00e4n\" \/>\n<meta property=\"og:url\" content=\"https:\/\/www.suomeneristysyhdistys.fi\/fi\/yhdistys\/\" \/>\n<meta property=\"og:site_name\" content=\"Suomen Eristysyhdistys Ry\" \/>\n<meta property=\"article:modified_time\" content=\"2025-02-17T07:06:31+00:00\" \/>\n<meta property=\"og:image\" content=\"https:\/\/www.suomeneristysyhdistys.fi\/fi\/wp-content\/uploads\/2019\/08\/IMG_1786logotpiilossa.jpg\" \/>\n\t<meta property=\"og:image:width\" content=\"6000\" \/>\n\t<meta property=\"og:image:height\" content=\"4000\" \/>\n\t<meta property=\"og:image:type\" content=\"image\/jpeg\" \/>\n<meta name=\"twitter:card\" content=\"summary_large_image\" \/>\n<meta name=\"twitter:label1\" content=\"Arvioitu lukuaika\" \/>\n\t<meta name=\"twitter:data1\" content=\"3 minuuttia\" \/>\n<script type=\"application\/ld+json\" class=\"yoast-schema-graph\">{\"@context\":\"https:\/\/schema.org\",\"@graph\":[{\"@type\":\"WebPage\",\"@id\":\"https:\/\/www.suomeneristysyhdistys.fi\/fi\/yhdistys\/\",\"url\":\"https:\/\/www.suomeneristysyhdistys.fi\/fi\/yhdistys\/\",\"name\":\"Tietoa meid\u00e4n yhdistyksest\u00e4 - Suomen Eristysyhdistys Ry\",\"isPartOf\":{\"@id\":\"https:\/\/www.suomeneristysyhdistys.fi\/fi\/#website\"},\"primaryImageOfPage\":{\"@id\":\"https:\/\/www.suomeneristysyhdistys.fi\/fi\/yhdistys\/#primaryimage\"},\"image\":{\"@id\":\"https:\/\/www.suomeneristysyhdistys.fi\/fi\/yhdistys\/#primaryimage\"},\"thumbnailUrl\":\"https:\/\/www.suomeneristysyhdistys.fi\/fi\/wp-content\/uploads\/2019\/08\/IMG_1786logotpiilossa-1024x683.jpg\",\"datePublished\":\"2019-06-19T05:39:35+00:00\",\"dateModified\":\"2025-02-17T07:06:31+00:00\",\"description\":\"Suomen Eristysyhdistys RY ei toimi alan ammattij\u00e4rjest\u00f6n\u00e4, vaan j\u00e4senet kuuluvat p\u00e4\u00e4s\u00e4\u00e4nt\u00f6isesti Teknologiateollisuuden alaisuudessa toimivaan MTHL:\u00e4\u00e4n\",\"breadcrumb\":{\"@id\":\"https:\/\/www.suomeneristysyhdistys.fi\/fi\/yhdistys\/#breadcrumb\"},\"inLanguage\":\"fi\",\"potentialAction\":[{\"@type\":\"ReadAction\",\"target\":[\"https:\/\/www.suomeneristysyhdistys.fi\/fi\/yhdistys\/\"]}]},{\"@type\":\"ImageObject\",\"inLanguage\":\"fi\",\"@id\":\"https:\/\/www.suomeneristysyhdistys.fi\/fi\/yhdistys\/#primaryimage\",\"url\":\"https:\/\/www.suomeneristysyhdistys.fi\/fi\/wp-content\/uploads\/2019\/08\/IMG_1786logotpiilossa.jpg\",\"contentUrl\":\"https:\/\/www.suomeneristysyhdistys.fi\/fi\/wp-content\/uploads\/2019\/08\/IMG_1786logotpiilossa.jpg\",\"width\":6000,\"height\":4000},{\"@type\":\"BreadcrumbList\",\"@id\":\"https:\/\/www.suomeneristysyhdistys.fi\/fi\/yhdistys\/#breadcrumb\",\"itemListElement\":[{\"@type\":\"ListItem\",\"position\":1,\"name\":\"Home\",\"item\":\"https:\/\/www.suomeneristysyhdistys.fi\/fi\/\"},{\"@type\":\"ListItem\",\"position\":2,\"name\":\"Yhdistys\"}]},{\"@type\":\"WebSite\",\"@id\":\"https:\/\/www.suomeneristysyhdistys.fi\/fi\/#website\",\"url\":\"https:\/\/www.suomeneristysyhdistys.fi\/fi\/\",\"name\":\"Suomen Eristysyhdistys Ry\",\"description\":\"\",\"publisher\":{\"@id\":\"https:\/\/www.suomeneristysyhdistys.fi\/fi\/#organization\"},\"potentialAction\":[{\"@type\":\"SearchAction\",\"target\":{\"@type\":\"EntryPoint\",\"urlTemplate\":\"https:\/\/www.suomeneristysyhdistys.fi\/fi\/?s={search_term_string}\"},\"query-input\":{\"@type\":\"PropertyValueSpecification\",\"valueRequired\":true,\"valueName\":\"search_term_string\"}}],\"inLanguage\":\"fi\"},{\"@type\":\"Organization\",\"@id\":\"https:\/\/www.suomeneristysyhdistys.fi\/fi\/#organization\",\"name\":\"Suomen Eristysyhdistys Ry\",\"url\":\"https:\/\/www.suomeneristysyhdistys.fi\/fi\/\",\"logo\":{\"@type\":\"ImageObject\",\"inLanguage\":\"fi\",\"@id\":\"https:\/\/www.suomeneristysyhdistys.fi\/fi\/#\/schema\/logo\/image\/\",\"url\":\"https:\/\/www.suomeneristysyhdistys.fi\/fi\/wp-content\/uploads\/2019\/08\/cropped-pieni_suomeney_logo-cmyk.png\",\"contentUrl\":\"https:\/\/www.suomeneristysyhdistys.fi\/fi\/wp-content\/uploads\/2019\/08\/cropped-pieni_suomeney_logo-cmyk.png\",\"width\":170,\"height\":69,\"caption\":\"Suomen Eristysyhdistys Ry\"},\"image\":{\"@id\":\"https:\/\/www.suomeneristysyhdistys.fi\/fi\/#\/schema\/logo\/image\/\"}}]}<\/script>\n<!-- \/ Yoast SEO plugin. -->","yoast_head_json":{"title":"Tietoa meid\u00e4n yhdistyksest\u00e4 - Suomen Eristysyhdistys Ry","description":"Suomen Eristysyhdistys RY ei toimi alan ammattij\u00e4rjest\u00f6n\u00e4, vaan j\u00e4senet kuuluvat p\u00e4\u00e4s\u00e4\u00e4nt\u00f6isesti Teknologiateollisuuden alaisuudessa toimivaan MTHL:\u00e4\u00e4n","robots":{"index":"index","follow":"follow","max-snippet":"max-snippet:-1","max-image-preview":"max-image-preview:large","max-video-preview":"max-video-preview:-1"},"canonical":"https:\/\/www.suomeneristysyhdistys.fi\/fi\/yhdistys\/","og_locale":"fi_FI","og_type":"article","og_title":"Tietoa meid\u00e4n yhdistyksest\u00e4 - Suomen Eristysyhdistys Ry","og_description":"Suomen Eristysyhdistys RY ei toimi alan ammattij\u00e4rjest\u00f6n\u00e4, vaan j\u00e4senet kuuluvat p\u00e4\u00e4s\u00e4\u00e4nt\u00f6isesti Teknologiateollisuuden alaisuudessa toimivaan MTHL:\u00e4\u00e4n","og_url":"https:\/\/www.suomeneristysyhdistys.fi\/fi\/yhdistys\/","og_site_name":"Suomen Eristysyhdistys Ry","article_modified_time":"2025-02-17T07:06:31+00:00","og_image":[{"width":6000,"height":4000,"url":"https:\/\/www.suomeneristysyhdistys.fi\/fi\/wp-content\/uploads\/2019\/08\/IMG_1786logotpiilossa.jpg","type":"image\/jpeg"}],"twitter_card":"summary_large_image","twitter_misc":{"Arvioitu lukuaika":"3 minuuttia"},"schema":{"@context":"https:\/\/schema.org","@graph":[{"@type":"WebPage","@id":"https:\/\/www.suomeneristysyhdistys.fi\/fi\/yhdistys\/","url":"https:\/\/www.suomeneristysyhdistys.fi\/fi\/yhdistys\/","name":"Tietoa meid\u00e4n yhdistyksest\u00e4 - Suomen Eristysyhdistys Ry","isPartOf":{"@id":"https:\/\/www.suomeneristysyhdistys.fi\/fi\/#website"},"primaryImageOfPage":{"@id":"https:\/\/www.suomeneristysyhdistys.fi\/fi\/yhdistys\/#primaryimage"},"image":{"@id":"https:\/\/www.suomeneristysyhdistys.fi\/fi\/yhdistys\/#primaryimage"},"thumbnailUrl":"https:\/\/www.suomeneristysyhdistys.fi\/fi\/wp-content\/uploads\/2019\/08\/IMG_1786logotpiilossa-1024x683.jpg","datePublished":"2019-06-19T05:39:35+00:00","dateModified":"2025-02-17T07:06:31+00:00","description":"Suomen Eristysyhdistys RY ei toimi alan ammattij\u00e4rjest\u00f6n\u00e4, vaan j\u00e4senet kuuluvat p\u00e4\u00e4s\u00e4\u00e4nt\u00f6isesti Teknologiateollisuuden alaisuudessa toimivaan MTHL:\u00e4\u00e4n","breadcrumb":{"@id":"https:\/\/www.suomeneristysyhdistys.fi\/fi\/yhdistys\/#breadcrumb"},"inLanguage":"fi","potentialAction":[{"@type":"ReadAction","target":["https:\/\/www.suomeneristysyhdistys.fi\/fi\/yhdistys\/"]}]},{"@type":"ImageObject","inLanguage":"fi","@id":"https:\/\/www.suomeneristysyhdistys.fi\/fi\/yhdistys\/#primaryimage","url":"https:\/\/www.suomeneristysyhdistys.fi\/fi\/wp-content\/uploads\/2019\/08\/IMG_1786logotpiilossa.jpg","contentUrl":"https:\/\/www.suomeneristysyhdistys.fi\/fi\/wp-content\/uploads\/2019\/08\/IMG_1786logotpiilossa.jpg","width":6000,"height":4000},{"@type":"BreadcrumbList","@id":"https:\/\/www.suomeneristysyhdistys.fi\/fi\/yhdistys\/#breadcrumb","itemListElement":[{"@type":"ListItem","position":1,"name":"Home","item":"https:\/\/www.suomeneristysyhdistys.fi\/fi\/"},{"@type":"ListItem","position":2,"name":"Yhdistys"}]},{"@type":"WebSite","@id":"https:\/\/www.suomeneristysyhdistys.fi\/fi\/#website","url":"https:\/\/www.suomeneristysyhdistys.fi\/fi\/","name":"Suomen Eristysyhdistys Ry","description":"","publisher":{"@id":"https:\/\/www.suomeneristysyhdistys.fi\/fi\/#organization"},"potentialAction":[{"@type":"SearchAction","target":{"@type":"EntryPoint","urlTemplate":"https:\/\/www.suomeneristysyhdistys.fi\/fi\/?s={search_term_string}"},"query-input":{"@type":"PropertyValueSpecification","valueRequired":true,"valueName":"search_term_string"}}],"inLanguage":"fi"},{"@type":"Organization","@id":"https:\/\/www.suomeneristysyhdistys.fi\/fi\/#organization","name":"Suomen Eristysyhdistys Ry","url":"https:\/\/www.suomeneristysyhdistys.fi\/fi\/","logo":{"@type":"ImageObject","inLanguage":"fi","@id":"https:\/\/www.suomeneristysyhdistys.fi\/fi\/#\/schema\/logo\/image\/","url":"https:\/\/www.suomeneristysyhdistys.fi\/fi\/wp-content\/uploads\/2019\/08\/cropped-pieni_suomeney_logo-cmyk.png","contentUrl":"https:\/\/www.suomeneristysyhdistys.fi\/fi\/wp-content\/uploads\/2019\/08\/cropped-pieni_suomeney_logo-cmyk.png","width":170,"height":69,"caption":"Suomen Eristysyhdistys Ry"},"image":{"@id":"https:\/\/www.suomeneristysyhdistys.fi\/fi\/#\/schema\/logo\/image\/"}}]}},"_links":{"self":[{"href":"https:\/\/www.suomeneristysyhdistys.fi\/fi\/wp-json\/wp\/v2\/pages\/4","targetHints":{"allow":["GET"]}}],"collection":[{"href":"https:\/\/www.suomeneristysyhdistys.fi\/fi\/wp-json\/wp\/v2\/pages"}],"about":[{"href":"https:\/\/www.suomeneristysyhdistys.fi\/fi\/wp-json\/wp\/v2\/types\/page"}],"author":[{"embeddable":true,"href":"https:\/\/www.suomeneristysyhdistys.fi\/fi\/wp-json\/wp\/v2\/users\/1"}],"replies":[{"embeddable":true,"href":"https:\/\/www.suomeneristysyhdistys.fi\/fi\/wp-json\/wp\/v2\/comments?post=4"}],"version-history":[{"count":11,"href":"https:\/\/www.suomeneristysyhdistys.fi\/fi\/wp-json\/wp\/v2\/pages\/4\/revisions"}],"predecessor-version":[{"id":1743,"href":"https:\/\/www.suomeneristysyhdistys.fi\/fi\/wp-json\/wp\/v2\/pages\/4\/revisions\/1743"}],"wp:attachment":[{"href":"https:\/\/www.suomeneristysyhdistys.fi\/fi\/wp-json\/wp\/v2\/media?parent=4"}],"curies":[{"name":"wp","href":"https:\/\/api.w.org\/{rel}","templated":true}]}}