{"id":12,"date":"2019-06-19T05:44:30","date_gmt":"2019-06-19T05:44:30","guid":{"rendered":"http:\/\/www.suomeneristysyhdistys.fi\/fi\/?page_id=12"},"modified":"2020-03-09T08:30:55","modified_gmt":"2020-03-09T08:30:55","slug":"kansainvalisyys","status":"publish","type":"page","link":"https:\/\/www.suomeneristysyhdistys.fi\/fi\/kansainvalisyys\/","title":{"rendered":"Kansainv\u00e4lisyys"},"content":{"rendered":"\t\t<div data-elementor-type=\"wp-post\" data-elementor-id=\"12\" class=\"elementor elementor-12\">\n\t\t\t\t\t\t<section class=\"elementor-section elementor-top-section elementor-element elementor-element-5609073 elementor-section-boxed elementor-section-height-default elementor-section-height-default\" data-id=\"5609073\" data-element_type=\"section\" data-e-type=\"section\">\n\t\t\t\t\t\t<div class=\"elementor-container elementor-column-gap-default\">\n\t\t\t\t\t<div class=\"elementor-column elementor-col-100 elementor-top-column elementor-element elementor-element-64418bc1\" data-id=\"64418bc1\" data-element_type=\"column\" data-e-type=\"column\">\n\t\t\t<div class=\"elementor-widget-wrap elementor-element-populated\">\n\t\t\t\t\t\t<div class=\"elementor-element elementor-element-5b6402b elementor-widget elementor-widget-heading\" data-id=\"5b6402b\" data-element_type=\"widget\" data-e-type=\"widget\" data-widget_type=\"heading.default\">\n\t\t\t\t<div class=\"elementor-widget-container\">\n\t\t\t\t\t<h1 class=\"elementor-heading-title elementor-size-default\">Kansainv\u00e4lisyys<\/h1>\t\t\t\t<\/div>\n\t\t\t\t<\/div>\n\t\t\t\t<section class=\"elementor-section elementor-inner-section elementor-element elementor-element-20b250e elementor-section-boxed elementor-section-height-default elementor-section-height-default\" data-id=\"20b250e\" data-element_type=\"section\" data-e-type=\"section\">\n\t\t\t\t\t\t<div class=\"elementor-container elementor-column-gap-default\">\n\t\t\t\t\t<div class=\"elementor-column elementor-col-50 elementor-inner-column elementor-element elementor-element-b694e8f\" data-id=\"b694e8f\" data-element_type=\"column\" data-e-type=\"column\">\n\t\t\t<div class=\"elementor-widget-wrap elementor-element-populated\">\n\t\t\t\t\t\t<div class=\"elementor-element elementor-element-b0401cc elementor-widget elementor-widget-text-editor\" data-id=\"b0401cc\" data-element_type=\"widget\" data-e-type=\"widget\" data-widget_type=\"text-editor.default\">\n\t\t\t\t<div class=\"elementor-widget-container\">\n\t\t\t\t\t\t\t\t\t<p>Yhdistyksen alusta saakka suomalaiset eristysalan yritykset ovat toimineet kansainv\u00e4lisesti\u00a0alan ty\u00f6teht\u00e4viss\u00e4.<\/p>\n<h4>Fesi-j\u00e4senyys<\/h4>\n<p>Yhdistys on j\u00e4senen\u00e4 eurooppalaisessa Fesi \u2013 European Federation of<br \/>Associations of insulation contractors yhteis\u00f6ss\u00e4, johon kuuluu j\u00e4senin\u00e4\u00a0samanlaisia j\u00e4rjest\u00f6j\u00e4 16 eri Euroopan maasta.\u00a0<span style=\"font-style: inherit;\">Fesin p\u00e4\u00e4asiallinen tarkoitus on<\/span><\/p>\n<ul>\n<li>toimia aktiivisena eristysalan kehitt\u00e4j\u00e4n\u00e4 Euroopassa<\/li>\n<li>dokumenttien julkaisut ohjeiksi alan hyvist\u00e4 k\u00e4yt\u00e4nn\u00f6ist\u00e4 eripuolella Euroopassa<\/li>\n<li>\n<p>Euroopan mestaruuskisojen j\u00e4rjest\u00e4minen joka toinen vuosi<\/p>\n<\/li>\n<li>\n<p>yhteisty\u00f6 amerikkalaisen sisarj\u00e4rjest\u00f6n kanssa (Nia)<\/p>\n<\/li>\n<li>\n<p>nelj\u00e4n vuoden v\u00e4lein pidett\u00e4v\u00e4n WIACO-konrenssin\u00a0j\u00e4rjest\u00e4minen vuorotellen Euroopan ja Amerikan v\u00e4lill\u00e4<\/p>\n<\/li>\n<\/ul>\t\t\t\t\t\t\t\t<\/div>\n\t\t\t\t<\/div>\n\t\t\t\t\t<\/div>\n\t\t<\/div>\n\t\t\t\t<div class=\"elementor-column elementor-col-50 elementor-inner-column elementor-element elementor-element-8ac8bfa\" data-id=\"8ac8bfa\" data-element_type=\"column\" data-e-type=\"column\">\n\t\t\t<div class=\"elementor-widget-wrap elementor-element-populated\">\n\t\t\t\t\t\t<div class=\"elementor-element elementor-element-ef4f167 elementor-widget elementor-widget-image\" data-id=\"ef4f167\" data-element_type=\"widget\" data-e-type=\"widget\" data-widget_type=\"image.default\">\n\t\t\t\t<div class=\"elementor-widget-container\">\n\t\t\t\t\t\t\t\t\t\t\t\t\t\t\t<img fetchpriority=\"high\" decoding=\"async\" width=\"264\" height=\"257\" src=\"https:\/\/www.suomeneristysyhdistys.fi\/fi\/wp-content\/uploads\/2019\/08\/fesi.png\" class=\"attachment-medium size-medium wp-image-1352\" alt=\"\" \/>\t\t\t\t\t\t\t\t\t\t\t\t\t\t\t<\/div>\n\t\t\t\t<\/div>\n\t\t\t\t<div class=\"elementor-element elementor-element-a20fefe elementor-widget elementor-widget-image\" data-id=\"a20fefe\" data-element_type=\"widget\" data-e-type=\"widget\" data-widget_type=\"image.default\">\n\t\t\t\t<div class=\"elementor-widget-container\">\n\t\t\t\t\t\t\t\t\t\t\t\t\t\t\t<img decoding=\"async\" width=\"97\" height=\"63\" src=\"https:\/\/www.suomeneristysyhdistys.fi\/fi\/wp-content\/uploads\/2019\/08\/nia.png\" class=\"attachment-medium size-medium wp-image-1353\" alt=\"\" \/>\t\t\t\t\t\t\t\t\t\t\t\t\t\t\t<\/div>\n\t\t\t\t<\/div>\n\t\t\t\t\t<\/div>\n\t\t<\/div>\n\t\t\t\t\t<\/div>\n\t\t<\/section>\n\t\t\t\t<section class=\"elementor-section elementor-inner-section elementor-element elementor-element-696acda elementor-section-boxed elementor-section-height-default elementor-section-height-default\" data-id=\"696acda\" data-element_type=\"section\" data-e-type=\"section\">\n\t\t\t\t\t\t<div class=\"elementor-container elementor-column-gap-default\">\n\t\t\t\t\t<div class=\"elementor-column elementor-col-50 elementor-inner-column elementor-element elementor-element-6120d0c\" data-id=\"6120d0c\" data-element_type=\"column\" data-e-type=\"column\">\n\t\t\t<div class=\"elementor-widget-wrap elementor-element-populated\">\n\t\t\t\t\t\t<div class=\"elementor-element elementor-element-1c1e39e elementor-widget elementor-widget-image\" data-id=\"1c1e39e\" data-element_type=\"widget\" data-e-type=\"widget\" data-widget_type=\"image.default\">\n\t\t\t\t<div class=\"elementor-widget-container\">\n\t\t\t\t\t\t\t\t\t\t\t\t\t\t\t<img decoding=\"async\" width=\"180\" height=\"155\" src=\"https:\/\/www.suomeneristysyhdistys.fi\/fi\/wp-content\/uploads\/2019\/08\/eiif.jpg\" class=\"attachment-medium_large size-medium_large wp-image-1354\" alt=\"\" \/>\t\t\t\t\t\t\t\t\t\t\t\t\t\t\t<\/div>\n\t\t\t\t<\/div>\n\t\t\t\t\t<\/div>\n\t\t<\/div>\n\t\t\t\t<div class=\"elementor-column elementor-col-50 elementor-inner-column elementor-element elementor-element-e87b44e\" data-id=\"e87b44e\" data-element_type=\"column\" data-e-type=\"column\">\n\t\t\t<div class=\"elementor-widget-wrap elementor-element-populated\">\n\t\t\t\t\t\t<div class=\"elementor-element elementor-element-40c8965 elementor-widget elementor-widget-text-editor\" data-id=\"40c8965\" data-element_type=\"widget\" data-e-type=\"widget\" data-widget_type=\"text-editor.default\">\n\t\t\t\t<div class=\"elementor-widget-container\">\n\t\t\t\t\t\t\t\t\t<h4>EIIF, European Industrial Insulation Foundation\u00a0<\/h4>\n<p>EIIF on Fesin l\u00e4hipiiriss\u00e4 perustettu s\u00e4\u00e4ti\u00f6, joka tekee eristysalan valistusty\u00f6t\u00e4 laaja-alaisesti urakoitsijoista ja materiaalitoimittajista riippumattomana.\u00a0Sen kannatusj\u00e4senin\u00e4 on eurooppalaisia erikokoisia eristysalan toimijoita:<\/p>\n<p><!-- \/wp:heading --><!-- wp:paragraph --><\/p>\n<p><!-- \/wp:paragraph --><!-- wp:paragraph --><\/p>\n<p><!-- \/wp:paragraph --><!-- wp:list --><\/p>\n<ul>\n<li>\n<p>urakointiyrityksi\u00e4<\/p>\n<\/li>\n<li>\n<p>materiaalitoimittajia<\/p>\n<\/li>\n<li>\n<p>muita alan l\u00e4heisi\u00e4 toimijoita<\/p>\n<\/li>\n<\/ul>\t\t\t\t\t\t\t\t<\/div>\n\t\t\t\t<\/div>\n\t\t\t\t\t<\/div>\n\t\t<\/div>\n\t\t\t\t\t<\/div>\n\t\t<\/section>\n\t\t\t\t\t<\/div>\n\t\t<\/div>\n\t\t\t\t\t<\/div>\n\t\t<\/section>\n\t\t\t\t<section class=\"elementor-section elementor-top-section elementor-element elementor-element-4827a90 elementor-section-boxed elementor-section-height-default elementor-section-height-default\" data-id=\"4827a90\" data-element_type=\"section\" data-e-type=\"section\">\n\t\t\t\t\t\t<div class=\"elementor-container elementor-column-gap-default\">\n\t\t\t\t\t<div class=\"elementor-column elementor-col-100 elementor-top-column elementor-element elementor-element-8ad074a\" data-id=\"8ad074a\" data-element_type=\"column\" data-e-type=\"column\">\n\t\t\t<div class=\"elementor-widget-wrap elementor-element-populated\">\n\t\t\t\t\t\t<div class=\"elementor-element elementor-element-bbeaebb elementor-widget elementor-widget-video\" data-id=\"bbeaebb\" data-element_type=\"widget\" data-e-type=\"widget\" data-settings=\"{&quot;youtube_url&quot;:&quot;https:\\\/\\\/youtu.be\\\/y6S0dYkIN20&quot;,&quot;video_type&quot;:&quot;youtube&quot;,&quot;controls&quot;:&quot;yes&quot;}\" data-widget_type=\"video.default\">\n\t\t\t\t<div class=\"elementor-widget-container\">\n\t\t\t\t\t\t\t<div class=\"elementor-wrapper elementor-open-inline\">\n\t\t\t<div class=\"elementor-video\"><\/div>\t\t<\/div>\n\t\t\t\t\t\t<\/div>\n\t\t\t\t<\/div>\n\t\t\t\t\t<\/div>\n\t\t<\/div>\n\t\t\t\t\t<\/div>\n\t\t<\/section>\n\t\t\t\t<\/div>\n\t\t","protected":false},"excerpt":{"rendered":"<p>Kansainv\u00e4lisyys Yhdistyksen alusta saakka suomalaiset eristysalan yritykset ovat toimineet kansainv\u00e4lisesti\u00a0alan ty\u00f6teht\u00e4viss\u00e4. Fesi-j\u00e4senyys Yhdistys on j\u00e4senen\u00e4 eurooppalaisessa Fesi \u2013 European Federation ofAssociations of insulation contractors yhteis\u00f6ss\u00e4, johon kuuluu j\u00e4senin\u00e4\u00a0samanlaisia j\u00e4rjest\u00f6j\u00e4 16 eri Euroopan maasta.\u00a0Fesin p\u00e4\u00e4asiallinen tarkoitus on toimia aktiivisena eristysalan kehitt\u00e4j\u00e4n\u00e4 Euroopassa dokumenttien julkaisut ohjeiksi alan hyvist\u00e4 k\u00e4yt\u00e4nn\u00f6ist\u00e4 eripuolella Euroopassa Euroopan mestaruuskisojen j\u00e4rjest\u00e4minen joka toinen vuosi [&hellip;]<\/p>\n","protected":false},"author":1,"featured_media":0,"parent":0,"menu_order":0,"comment_status":"closed","ping_status":"closed","template":"elementor_header_footer","meta":{"zakra_page_container_layout":"customizer","zakra_page_sidebar_layout":"customizer","zakra_remove_content_margin":false,"zakra_sidebar":"customizer","zakra_transparent_header":"0","zakra_logo":0,"zakra_main_header_style":"default","zakra_menu_item_color":"","zakra_menu_item_hover_color":"","zakra_menu_item_active_color":"","zakra_menu_active_style":"","zakra_page_header":false,"ngg_post_thumbnail":0,"footnotes":""},"class_list":["post-12","page","type-page","status-publish","hentry"],"yoast_head":"<!-- This site is optimized with the Yoast SEO plugin v27.2 - https:\/\/yoast.com\/product\/yoast-seo-wordpress\/ -->\n<title>Kansainv\u00e4lisyys eristysalalla - Suomen Eristysyhdistys Ry<\/title>\n<meta name=\"description\" content=\"Kansainv\u00e4lisyys eristysalalla ja Suomen Eristysyhdistyksess\u00e4 on ollut mukana yhdistyksen alusta asti. Lue lis\u00e4\u00e4 sivuiltamme.\" \/>\n<meta name=\"robots\" content=\"index, follow, max-snippet:-1, max-image-preview:large, max-video-preview:-1\" \/>\n<link rel=\"canonical\" href=\"https:\/\/www.suomeneristysyhdistys.fi\/fi\/kansainvalisyys\/\" \/>\n<meta property=\"og:locale\" content=\"fi_FI\" \/>\n<meta property=\"og:type\" content=\"article\" \/>\n<meta property=\"og:title\" content=\"Kansainv\u00e4lisyys eristysalalla - Suomen Eristysyhdistys Ry\" \/>\n<meta property=\"og:description\" content=\"Kansainv\u00e4lisyys eristysalalla ja Suomen Eristysyhdistyksess\u00e4 on ollut mukana yhdistyksen alusta asti. Lue lis\u00e4\u00e4 sivuiltamme.\" \/>\n<meta property=\"og:url\" content=\"https:\/\/www.suomeneristysyhdistys.fi\/fi\/kansainvalisyys\/\" \/>\n<meta property=\"og:site_name\" content=\"Suomen Eristysyhdistys Ry\" \/>\n<meta property=\"article:modified_time\" content=\"2020-03-09T08:30:55+00:00\" \/>\n<meta property=\"og:image\" content=\"https:\/\/www.suomeneristysyhdistys.fi\/fi\/wp-content\/uploads\/2019\/08\/fesi.png\" \/>\n<meta name=\"twitter:card\" content=\"summary_large_image\" \/>\n<meta name=\"twitter:label1\" content=\"Arvioitu lukuaika\" \/>\n\t<meta name=\"twitter:data1\" content=\"1 minuutti\" \/>\n<script type=\"application\/ld+json\" class=\"yoast-schema-graph\">{\"@context\":\"https:\/\/schema.org\",\"@graph\":[{\"@type\":\"WebPage\",\"@id\":\"https:\/\/www.suomeneristysyhdistys.fi\/fi\/kansainvalisyys\/\",\"url\":\"https:\/\/www.suomeneristysyhdistys.fi\/fi\/kansainvalisyys\/\",\"name\":\"Kansainv\u00e4lisyys eristysalalla - Suomen Eristysyhdistys Ry\",\"isPartOf\":{\"@id\":\"https:\/\/www.suomeneristysyhdistys.fi\/fi\/#website\"},\"primaryImageOfPage\":{\"@id\":\"https:\/\/www.suomeneristysyhdistys.fi\/fi\/kansainvalisyys\/#primaryimage\"},\"image\":{\"@id\":\"https:\/\/www.suomeneristysyhdistys.fi\/fi\/kansainvalisyys\/#primaryimage\"},\"thumbnailUrl\":\"https:\/\/www.suomeneristysyhdistys.fi\/fi\/wp-content\/uploads\/2019\/08\/fesi.png\",\"datePublished\":\"2019-06-19T05:44:30+00:00\",\"dateModified\":\"2020-03-09T08:30:55+00:00\",\"description\":\"Kansainv\u00e4lisyys eristysalalla ja Suomen Eristysyhdistyksess\u00e4 on ollut mukana yhdistyksen alusta asti. Lue lis\u00e4\u00e4 sivuiltamme.\",\"breadcrumb\":{\"@id\":\"https:\/\/www.suomeneristysyhdistys.fi\/fi\/kansainvalisyys\/#breadcrumb\"},\"inLanguage\":\"fi\",\"potentialAction\":[{\"@type\":\"ReadAction\",\"target\":[\"https:\/\/www.suomeneristysyhdistys.fi\/fi\/kansainvalisyys\/\"]}]},{\"@type\":\"ImageObject\",\"inLanguage\":\"fi\",\"@id\":\"https:\/\/www.suomeneristysyhdistys.fi\/fi\/kansainvalisyys\/#primaryimage\",\"url\":\"https:\/\/www.suomeneristysyhdistys.fi\/fi\/wp-content\/uploads\/2019\/08\/fesi.png\",\"contentUrl\":\"https:\/\/www.suomeneristysyhdistys.fi\/fi\/wp-content\/uploads\/2019\/08\/fesi.png\",\"width\":264,\"height\":257},{\"@type\":\"BreadcrumbList\",\"@id\":\"https:\/\/www.suomeneristysyhdistys.fi\/fi\/kansainvalisyys\/#breadcrumb\",\"itemListElement\":[{\"@type\":\"ListItem\",\"position\":1,\"name\":\"Home\",\"item\":\"https:\/\/www.suomeneristysyhdistys.fi\/fi\/\"},{\"@type\":\"ListItem\",\"position\":2,\"name\":\"Kansainv\u00e4lisyys\"}]},{\"@type\":\"WebSite\",\"@id\":\"https:\/\/www.suomeneristysyhdistys.fi\/fi\/#website\",\"url\":\"https:\/\/www.suomeneristysyhdistys.fi\/fi\/\",\"name\":\"Suomen Eristysyhdistys Ry\",\"description\":\"\",\"publisher\":{\"@id\":\"https:\/\/www.suomeneristysyhdistys.fi\/fi\/#organization\"},\"potentialAction\":[{\"@type\":\"SearchAction\",\"target\":{\"@type\":\"EntryPoint\",\"urlTemplate\":\"https:\/\/www.suomeneristysyhdistys.fi\/fi\/?s={search_term_string}\"},\"query-input\":{\"@type\":\"PropertyValueSpecification\",\"valueRequired\":true,\"valueName\":\"search_term_string\"}}],\"inLanguage\":\"fi\"},{\"@type\":\"Organization\",\"@id\":\"https:\/\/www.suomeneristysyhdistys.fi\/fi\/#organization\",\"name\":\"Suomen Eristysyhdistys Ry\",\"url\":\"https:\/\/www.suomeneristysyhdistys.fi\/fi\/\",\"logo\":{\"@type\":\"ImageObject\",\"inLanguage\":\"fi\",\"@id\":\"https:\/\/www.suomeneristysyhdistys.fi\/fi\/#\/schema\/logo\/image\/\",\"url\":\"https:\/\/www.suomeneristysyhdistys.fi\/fi\/wp-content\/uploads\/2019\/08\/cropped-pieni_suomeney_logo-cmyk.png\",\"contentUrl\":\"https:\/\/www.suomeneristysyhdistys.fi\/fi\/wp-content\/uploads\/2019\/08\/cropped-pieni_suomeney_logo-cmyk.png\",\"width\":170,\"height\":69,\"caption\":\"Suomen Eristysyhdistys Ry\"},\"image\":{\"@id\":\"https:\/\/www.suomeneristysyhdistys.fi\/fi\/#\/schema\/logo\/image\/\"}}]}<\/script>\n<!-- \/ Yoast SEO plugin. -->","yoast_head_json":{"title":"Kansainv\u00e4lisyys eristysalalla - Suomen Eristysyhdistys Ry","description":"Kansainv\u00e4lisyys eristysalalla ja Suomen Eristysyhdistyksess\u00e4 on ollut mukana yhdistyksen alusta asti. Lue lis\u00e4\u00e4 sivuiltamme.","robots":{"index":"index","follow":"follow","max-snippet":"max-snippet:-1","max-image-preview":"max-image-preview:large","max-video-preview":"max-video-preview:-1"},"canonical":"https:\/\/www.suomeneristysyhdistys.fi\/fi\/kansainvalisyys\/","og_locale":"fi_FI","og_type":"article","og_title":"Kansainv\u00e4lisyys eristysalalla - Suomen Eristysyhdistys Ry","og_description":"Kansainv\u00e4lisyys eristysalalla ja Suomen Eristysyhdistyksess\u00e4 on ollut mukana yhdistyksen alusta asti. Lue lis\u00e4\u00e4 sivuiltamme.","og_url":"https:\/\/www.suomeneristysyhdistys.fi\/fi\/kansainvalisyys\/","og_site_name":"Suomen Eristysyhdistys Ry","article_modified_time":"2020-03-09T08:30:55+00:00","og_image":[{"url":"https:\/\/www.suomeneristysyhdistys.fi\/fi\/wp-content\/uploads\/2019\/08\/fesi.png","type":"","width":"","height":""}],"twitter_card":"summary_large_image","twitter_misc":{"Arvioitu lukuaika":"1 minuutti"},"schema":{"@context":"https:\/\/schema.org","@graph":[{"@type":"WebPage","@id":"https:\/\/www.suomeneristysyhdistys.fi\/fi\/kansainvalisyys\/","url":"https:\/\/www.suomeneristysyhdistys.fi\/fi\/kansainvalisyys\/","name":"Kansainv\u00e4lisyys eristysalalla - Suomen Eristysyhdistys Ry","isPartOf":{"@id":"https:\/\/www.suomeneristysyhdistys.fi\/fi\/#website"},"primaryImageOfPage":{"@id":"https:\/\/www.suomeneristysyhdistys.fi\/fi\/kansainvalisyys\/#primaryimage"},"image":{"@id":"https:\/\/www.suomeneristysyhdistys.fi\/fi\/kansainvalisyys\/#primaryimage"},"thumbnailUrl":"https:\/\/www.suomeneristysyhdistys.fi\/fi\/wp-content\/uploads\/2019\/08\/fesi.png","datePublished":"2019-06-19T05:44:30+00:00","dateModified":"2020-03-09T08:30:55+00:00","description":"Kansainv\u00e4lisyys eristysalalla ja Suomen Eristysyhdistyksess\u00e4 on ollut mukana yhdistyksen alusta asti. Lue lis\u00e4\u00e4 sivuiltamme.","breadcrumb":{"@id":"https:\/\/www.suomeneristysyhdistys.fi\/fi\/kansainvalisyys\/#breadcrumb"},"inLanguage":"fi","potentialAction":[{"@type":"ReadAction","target":["https:\/\/www.suomeneristysyhdistys.fi\/fi\/kansainvalisyys\/"]}]},{"@type":"ImageObject","inLanguage":"fi","@id":"https:\/\/www.suomeneristysyhdistys.fi\/fi\/kansainvalisyys\/#primaryimage","url":"https:\/\/www.suomeneristysyhdistys.fi\/fi\/wp-content\/uploads\/2019\/08\/fesi.png","contentUrl":"https:\/\/www.suomeneristysyhdistys.fi\/fi\/wp-content\/uploads\/2019\/08\/fesi.png","width":264,"height":257},{"@type":"BreadcrumbList","@id":"https:\/\/www.suomeneristysyhdistys.fi\/fi\/kansainvalisyys\/#breadcrumb","itemListElement":[{"@type":"ListItem","position":1,"name":"Home","item":"https:\/\/www.suomeneristysyhdistys.fi\/fi\/"},{"@type":"ListItem","position":2,"name":"Kansainv\u00e4lisyys"}]},{"@type":"WebSite","@id":"https:\/\/www.suomeneristysyhdistys.fi\/fi\/#website","url":"https:\/\/www.suomeneristysyhdistys.fi\/fi\/","name":"Suomen Eristysyhdistys Ry","description":"","publisher":{"@id":"https:\/\/www.suomeneristysyhdistys.fi\/fi\/#organization"},"potentialAction":[{"@type":"SearchAction","target":{"@type":"EntryPoint","urlTemplate":"https:\/\/www.suomeneristysyhdistys.fi\/fi\/?s={search_term_string}"},"query-input":{"@type":"PropertyValueSpecification","valueRequired":true,"valueName":"search_term_string"}}],"inLanguage":"fi"},{"@type":"Organization","@id":"https:\/\/www.suomeneristysyhdistys.fi\/fi\/#organization","name":"Suomen Eristysyhdistys Ry","url":"https:\/\/www.suomeneristysyhdistys.fi\/fi\/","logo":{"@type":"ImageObject","inLanguage":"fi","@id":"https:\/\/www.suomeneristysyhdistys.fi\/fi\/#\/schema\/logo\/image\/","url":"https:\/\/www.suomeneristysyhdistys.fi\/fi\/wp-content\/uploads\/2019\/08\/cropped-pieni_suomeney_logo-cmyk.png","contentUrl":"https:\/\/www.suomeneristysyhdistys.fi\/fi\/wp-content\/uploads\/2019\/08\/cropped-pieni_suomeney_logo-cmyk.png","width":170,"height":69,"caption":"Suomen Eristysyhdistys Ry"},"image":{"@id":"https:\/\/www.suomeneristysyhdistys.fi\/fi\/#\/schema\/logo\/image\/"}}]}},"_links":{"self":[{"href":"https:\/\/www.suomeneristysyhdistys.fi\/fi\/wp-json\/wp\/v2\/pages\/12","targetHints":{"allow":["GET"]}}],"collection":[{"href":"https:\/\/www.suomeneristysyhdistys.fi\/fi\/wp-json\/wp\/v2\/pages"}],"about":[{"href":"https:\/\/www.suomeneristysyhdistys.fi\/fi\/wp-json\/wp\/v2\/types\/page"}],"author":[{"embeddable":true,"href":"https:\/\/www.suomeneristysyhdistys.fi\/fi\/wp-json\/wp\/v2\/users\/1"}],"replies":[{"embeddable":true,"href":"https:\/\/www.suomeneristysyhdistys.fi\/fi\/wp-json\/wp\/v2\/comments?post=12"}],"version-history":[{"count":5,"href":"https:\/\/www.suomeneristysyhdistys.fi\/fi\/wp-json\/wp\/v2\/pages\/12\/revisions"}],"predecessor-version":[{"id":1551,"href":"https:\/\/www.suomeneristysyhdistys.fi\/fi\/wp-json\/wp\/v2\/pages\/12\/revisions\/1551"}],"wp:attachment":[{"href":"https:\/\/www.suomeneristysyhdistys.fi\/fi\/wp-json\/wp\/v2\/media?parent=12"}],"curies":[{"name":"wp","href":"https:\/\/api.w.org\/{rel}","templated":true}]}}